{"id":10,"date":"2017-07-13T17:02:17","date_gmt":"2017-07-13T17:02:17","guid":{"rendered":"http:\/\/www.brainservices.net\/webbrainservices\/?page_id=10"},"modified":"2017-07-13T19:50:23","modified_gmt":"2017-07-13T19:50:23","slug":"nuestra-vision","status":"publish","type":"page","link":"https:\/\/www.brainservices.net\/webbrainservices\/nuestra-vision\/","title":{"rendered":"Nuestra Vision"},"content":{"rendered":"<div id=\"figura\">\n<div class=\"banner\"><picture> <img decoding=\"async\" src=\"..\/images\/vision.png\" width=\"100%\" height=\"50%\" \/><\/picture><\/div>\n<\/div>\n<p>Ser la empresa l\u00edder en la provisi\u00f3n de soluciones Integrales de Tecnolog\u00edas, contribuyendo al mejoramiento continuo de las plataformas\u00a0 IT de nuestros clientes; garantizando la estabilidad de su infraestructura lo cual les permite aumentar la rentabilidad de sus negocios.<\/p>\n","protected":false},"excerpt":{"rendered":"<p>Ser la empresa l\u00edder en la provisi\u00f3n de soluciones Integrales de Tecnolog\u00edas, contribuyendo al mejoramiento continuo de las plataformas\u00a0 IT de nuestros clientes; garantizando la estabilidad de su infraestructura lo cual les permite aumentar la rentabilidad de sus negocios.<\/p>\n","protected":false},"author":1,"featured_media":0,"parent":0,"menu_order":0,"comment_status":"closed","ping_status":"closed","template":"template-full-width.php","meta":{"_monsterinsights_skip_tracking":false,"_monsterinsights_sitenote_active":false,"_monsterinsights_sitenote_note":"","_monsterinsights_sitenote_category":0,"footnotes":""},"class_list":["post-10","page","type-page","status-publish","hentry"],"_links":{"self":[{"href":"https:\/\/www.brainservices.net\/webbrainservices\/wp-json\/wp\/v2\/pages\/10","targetHints":{"allow":["GET"]}}],"collection":[{"href":"https:\/\/www.brainservices.net\/webbrainservices\/wp-json\/wp\/v2\/pages"}],"about":[{"href":"https:\/\/www.brainservices.net\/webbrainservices\/wp-json\/wp\/v2\/types\/page"}],"author":[{"embeddable":true,"href":"https:\/\/www.brainservices.net\/webbrainservices\/wp-json\/wp\/v2\/users\/1"}],"replies":[{"embeddable":true,"href":"https:\/\/www.brainservices.net\/webbrainservices\/wp-json\/wp\/v2\/comments?post=10"}],"version-history":[{"count":2,"href":"https:\/\/www.brainservices.net\/webbrainservices\/wp-json\/wp\/v2\/pages\/10\/revisions"}],"predecessor-version":[{"id":41,"href":"https:\/\/www.brainservices.net\/webbrainservices\/wp-json\/wp\/v2\/pages\/10\/revisions\/41"}],"wp:attachment":[{"href":"https:\/\/www.brainservices.net\/webbrainservices\/wp-json\/wp\/v2\/media?parent=10"}],"curies":[{"name":"wp","href":"https:\/\/api.w.org\/{rel}","templated":true}]}}