{"id":14,"date":"2017-07-13T17:04:54","date_gmt":"2017-07-13T17:04:54","guid":{"rendered":"http:\/\/www.brainservices.net\/webbrainservices\/?page_id=14"},"modified":"2017-07-13T20:17:12","modified_gmt":"2017-07-13T20:17:12","slug":"servicios-administrados","status":"publish","type":"page","link":"https:\/\/www.brainservices.net\/webbrainservices\/servicios-administrados\/","title":{"rendered":"Servicios Administrados"},"content":{"rendered":"<div id=\"figura\">\n<div class=\"banner\"><picture> <img decoding=\"async\" src=\"..\/images\/srvadmin.png\" width=\"100%\" height=\"50%\" \/><\/picture><\/div>\n<\/div>\n<p>En la actualidad, para las Organizaciones el uso de la tecnolog\u00eda es de vital importancia en el desarrollo de sus negocios, por lo cual contar con un servicio que le permita asegurar la continuidad de la operaci\u00f3n y actuar de manera proactiva ante eventualidades en su Infraestructura TI, se ha convertido en un necesidad imperativa, el servicio que ofrecemos optimizar\u00e1 su operaci\u00f3n mediante la Supervisi\u00f3n Remota de la Infraestructura TI.<\/p>\n","protected":false},"excerpt":{"rendered":"<p>En la actualidad, para las Organizaciones el uso de la tecnolog\u00eda es de vital importancia en el desarrollo de sus negocios, por lo cual contar con un servicio que le permita asegurar la continuidad de la operaci\u00f3n y actuar de manera proactiva ante eventualidades en su Infraestructura TI, se ha convertido en un necesidad imperativa, [&hellip;]<\/p>\n","protected":false},"author":1,"featured_media":0,"parent":0,"menu_order":0,"comment_status":"closed","ping_status":"closed","template":"template-full-width.php","meta":{"_monsterinsights_skip_tracking":false,"_monsterinsights_sitenote_active":false,"_monsterinsights_sitenote_note":"","_monsterinsights_sitenote_category":0,"footnotes":""},"class_list":["post-14","page","type-page","status-publish","hentry"],"_links":{"self":[{"href":"https:\/\/www.brainservices.net\/webbrainservices\/wp-json\/wp\/v2\/pages\/14","targetHints":{"allow":["GET"]}}],"collection":[{"href":"https:\/\/www.brainservices.net\/webbrainservices\/wp-json\/wp\/v2\/pages"}],"about":[{"href":"https:\/\/www.brainservices.net\/webbrainservices\/wp-json\/wp\/v2\/types\/page"}],"author":[{"embeddable":true,"href":"https:\/\/www.brainservices.net\/webbrainservices\/wp-json\/wp\/v2\/users\/1"}],"replies":[{"embeddable":true,"href":"https:\/\/www.brainservices.net\/webbrainservices\/wp-json\/wp\/v2\/comments?post=14"}],"version-history":[{"count":3,"href":"https:\/\/www.brainservices.net\/webbrainservices\/wp-json\/wp\/v2\/pages\/14\/revisions"}],"predecessor-version":[{"id":45,"href":"https:\/\/www.brainservices.net\/webbrainservices\/wp-json\/wp\/v2\/pages\/14\/revisions\/45"}],"wp:attachment":[{"href":"https:\/\/www.brainservices.net\/webbrainservices\/wp-json\/wp\/v2\/media?parent=14"}],"curies":[{"name":"wp","href":"https:\/\/api.w.org\/{rel}","templated":true}]}}