{"id":16,"date":"2017-07-13T17:13:27","date_gmt":"2017-07-13T17:13:27","guid":{"rendered":"http:\/\/www.brainservices.net\/webbrainservices\/?page_id=16"},"modified":"2017-07-17T16:12:43","modified_gmt":"2017-07-17T21:12:43","slug":"servicios-internet-dedicado","status":"publish","type":"page","link":"https:\/\/www.brainservices.net\/webbrainservices\/servicios-internet-dedicado\/","title":{"rendered":"Servicios Internet Dedicado"},"content":{"rendered":"<p>Nuestras soluciones de conexi\u00f3n a Internet son dise\u00f1adas en base a la necesidad de nuestros clientes, brind\u00e1doles un servicio altamente confiable y de gran calidad.<\/p>\n<div id=\"figura\">\n<div class=\"banner\"><picture> <img decoding=\"async\" src=\"..\/images\/srvinternet.png\" width=\"100%\" height=\"50%\" \/><\/picture><\/div>\n<\/div>\n","protected":false},"excerpt":{"rendered":"<p>Nuestras soluciones de conexi\u00f3n a Internet son dise\u00f1adas en base a la necesidad de nuestros clientes, brind\u00e1doles un servicio altamente confiable y de gran calidad.<\/p>\n","protected":false},"author":1,"featured_media":0,"parent":0,"menu_order":0,"comment_status":"closed","ping_status":"closed","template":"template-full-width.php","meta":{"_monsterinsights_skip_tracking":false,"_monsterinsights_sitenote_active":false,"_monsterinsights_sitenote_note":"","_monsterinsights_sitenote_category":0,"footnotes":""},"class_list":["post-16","page","type-page","status-publish","hentry"],"_links":{"self":[{"href":"https:\/\/www.brainservices.net\/webbrainservices\/wp-json\/wp\/v2\/pages\/16","targetHints":{"allow":["GET"]}}],"collection":[{"href":"https:\/\/www.brainservices.net\/webbrainservices\/wp-json\/wp\/v2\/pages"}],"about":[{"href":"https:\/\/www.brainservices.net\/webbrainservices\/wp-json\/wp\/v2\/types\/page"}],"author":[{"embeddable":true,"href":"https:\/\/www.brainservices.net\/webbrainservices\/wp-json\/wp\/v2\/users\/1"}],"replies":[{"embeddable":true,"href":"https:\/\/www.brainservices.net\/webbrainservices\/wp-json\/wp\/v2\/comments?post=16"}],"version-history":[{"count":3,"href":"https:\/\/www.brainservices.net\/webbrainservices\/wp-json\/wp\/v2\/pages\/16\/revisions"}],"predecessor-version":[{"id":122,"href":"https:\/\/www.brainservices.net\/webbrainservices\/wp-json\/wp\/v2\/pages\/16\/revisions\/122"}],"wp:attachment":[{"href":"https:\/\/www.brainservices.net\/webbrainservices\/wp-json\/wp\/v2\/media?parent=16"}],"curies":[{"name":"wp","href":"https:\/\/api.w.org\/{rel}","templated":true}]}}