{"id":4,"date":"2017-07-13T16:59:40","date_gmt":"2017-07-13T16:59:40","guid":{"rendered":"http:\/\/www.brainservices.net\/webbrainservices\/?page_id=4"},"modified":"2017-07-14T11:05:14","modified_gmt":"2017-07-14T16:05:14","slug":"inicio","status":"publish","type":"page","link":"https:\/\/www.brainservices.net\/webbrainservices\/","title":{"rendered":"Oficinas"},"content":{"rendered":"<p>Direcci\u00f3n: Victor Manuel Rend\u00f3n #401 y General C\u00f3rdova Edificio Amazonas Piso 5 Oficina 1 &#8211; 2<br \/>\nTel\u00e9fono: 593-4-2313200<br \/>\n593-4-2313201<br \/>\nEmail: comercial@brainservices.net<\/p>\n","protected":false},"excerpt":{"rendered":"<p>Direcci\u00f3n: Victor Manuel Rend\u00f3n #401 y General C\u00f3rdova Edificio Amazonas Piso 5 Oficina 1 &#8211; 2 Tel\u00e9fono: 593-4-2313200 593-4-2313201 Email: comercial@brainservices.net<\/p>\n","protected":false},"author":1,"featured_media":0,"parent":0,"menu_order":0,"comment_status":"closed","ping_status":"closed","template":"template-full-width.php","meta":{"_monsterinsights_skip_tracking":false,"_monsterinsights_sitenote_active":false,"_monsterinsights_sitenote_note":"","_monsterinsights_sitenote_category":0,"footnotes":""},"class_list":["post-4","page","type-page","status-publish","hentry"],"_links":{"self":[{"href":"https:\/\/www.brainservices.net\/webbrainservices\/wp-json\/wp\/v2\/pages\/4","targetHints":{"allow":["GET"]}}],"collection":[{"href":"https:\/\/www.brainservices.net\/webbrainservices\/wp-json\/wp\/v2\/pages"}],"about":[{"href":"https:\/\/www.brainservices.net\/webbrainservices\/wp-json\/wp\/v2\/types\/page"}],"author":[{"embeddable":true,"href":"https:\/\/www.brainservices.net\/webbrainservices\/wp-json\/wp\/v2\/users\/1"}],"replies":[{"embeddable":true,"href":"https:\/\/www.brainservices.net\/webbrainservices\/wp-json\/wp\/v2\/comments?post=4"}],"version-history":[{"count":5,"href":"https:\/\/www.brainservices.net\/webbrainservices\/wp-json\/wp\/v2\/pages\/4\/revisions"}],"predecessor-version":[{"id":67,"href":"https:\/\/www.brainservices.net\/webbrainservices\/wp-json\/wp\/v2\/pages\/4\/revisions\/67"}],"wp:attachment":[{"href":"https:\/\/www.brainservices.net\/webbrainservices\/wp-json\/wp\/v2\/media?parent=4"}],"curies":[{"name":"wp","href":"https:\/\/api.w.org\/{rel}","templated":true}]}}