{"id":6,"date":"2017-07-13T17:00:49","date_gmt":"2017-07-13T17:00:49","guid":{"rendered":"http:\/\/www.brainservices.net\/webbrainservices\/?page_id=6"},"modified":"2017-07-13T19:53:25","modified_gmt":"2017-07-13T19:53:25","slug":"quienes-somos","status":"publish","type":"page","link":"https:\/\/www.brainservices.net\/webbrainservices\/quienes-somos\/","title":{"rendered":"Quienes Somos"},"content":{"rendered":"<div id=\"figura\">\n<div class=\"banner\"><picture> <img decoding=\"async\" src=\"..\/images\/quienessomos.png\" width=\"100%\" height=\"50%\" \/><\/picture><\/div>\n<\/div>\n<p>Somos una empresa integradora de soluciones tecnol\u00f3gicas, orientada al desarrollo e implementaci\u00f3n de soluciones inteligentes y vers\u00e1tiles, para proveer al mercado lo m\u00e1s avanzado en tecnolog\u00edas y servicios. Contamos con personal altamente calificado y con altos valores humanos, donde la honestidad y la atenci\u00f3n constante hacia nuestros clientes nos sit\u00faan como su proveedor de confianza.<\/p>\n","protected":false},"excerpt":{"rendered":"<p>Somos una empresa integradora de soluciones tecnol\u00f3gicas, orientada al desarrollo e implementaci\u00f3n de soluciones inteligentes y vers\u00e1tiles, para proveer al mercado lo m\u00e1s avanzado en tecnolog\u00edas y servicios. Contamos con personal altamente calificado y con altos valores humanos, donde la honestidad y la atenci\u00f3n constante hacia nuestros clientes nos sit\u00faan como su proveedor de confianza.<\/p>\n","protected":false},"author":1,"featured_media":0,"parent":0,"menu_order":0,"comment_status":"closed","ping_status":"closed","template":"template-full-width.php","meta":{"_monsterinsights_skip_tracking":false,"_monsterinsights_sitenote_active":false,"_monsterinsights_sitenote_note":"","_monsterinsights_sitenote_category":0,"footnotes":""},"class_list":["post-6","page","type-page","status-publish","hentry"],"_links":{"self":[{"href":"https:\/\/www.brainservices.net\/webbrainservices\/wp-json\/wp\/v2\/pages\/6","targetHints":{"allow":["GET"]}}],"collection":[{"href":"https:\/\/www.brainservices.net\/webbrainservices\/wp-json\/wp\/v2\/pages"}],"about":[{"href":"https:\/\/www.brainservices.net\/webbrainservices\/wp-json\/wp\/v2\/types\/page"}],"author":[{"embeddable":true,"href":"https:\/\/www.brainservices.net\/webbrainservices\/wp-json\/wp\/v2\/users\/1"}],"replies":[{"embeddable":true,"href":"https:\/\/www.brainservices.net\/webbrainservices\/wp-json\/wp\/v2\/comments?post=6"}],"version-history":[{"count":2,"href":"https:\/\/www.brainservices.net\/webbrainservices\/wp-json\/wp\/v2\/pages\/6\/revisions"}],"predecessor-version":[{"id":42,"href":"https:\/\/www.brainservices.net\/webbrainservices\/wp-json\/wp\/v2\/pages\/6\/revisions\/42"}],"wp:attachment":[{"href":"https:\/\/www.brainservices.net\/webbrainservices\/wp-json\/wp\/v2\/media?parent=6"}],"curies":[{"name":"wp","href":"https:\/\/api.w.org\/{rel}","templated":true}]}}