{"id":70,"date":"2017-07-14T16:27:27","date_gmt":"2017-07-14T21:27:27","guid":{"rendered":"http:\/\/www.brainservices.net\/webbrainservices\/?page_id=70"},"modified":"2017-07-17T14:09:26","modified_gmt":"2017-07-17T19:09:26","slug":"contactenos","status":"publish","type":"page","link":"https:\/\/www.brainservices.net\/webbrainservices\/contactenos\/","title":{"rendered":"Contactenos"},"content":{"rendered":"<p><!DOCTYPE html><br \/>\n<html><br \/>\n  <head><\/p>\n<style>\n      #map {\n        height: 300px;\n        width: 100%;\n       }\n      #formulario {\n        float: left;\n        width: 48%;\n       }\n      #ubicacion {\n        float: right;\n        width: 50%;\n       }\n    <\/style>\n<p>  <\/head><br \/>\n<body><\/p>\n<div id=\"formulario\"><div class=\"wpforms-container wpforms-container-full\" id=\"wpforms-75\"><form id=\"wpforms-form-75\" class=\"wpforms-validate wpforms-form\" data-formid=\"75\" method=\"post\" enctype=\"multipart\/form-data\" action=\"\/webbrainservices\/wp-json\/wp\/v2\/pages\/70\" data-token=\"bb1d202e8cb74d2a57df7a45ef38f9d8\" data-token-time=\"1777268051\"><noscript class=\"wpforms-error-noscript\">Por favor, activa JavaScript en tu navegador para completar este formulario.<\/noscript><div class=\"wpforms-field-container\"><div id=\"wpforms-75-field_1-container\" class=\"wpforms-field wpforms-field-name\" data-field-id=\"1\"><label class=\"wpforms-field-label\" for=\"wpforms-75-field_1\">Nombre <span class=\"wpforms-required-label\">*<\/span><\/label><input type=\"text\" id=\"wpforms-75-field_1\" class=\"wpforms-field-medium wpforms-field-required\" name=\"wpforms[fields][1]\" required><\/div><div id=\"wpforms-75-field_2-container\" class=\"wpforms-field wpforms-field-email\" data-field-id=\"2\"><label class=\"wpforms-field-label\" for=\"wpforms-75-field_2\">Email <span class=\"wpforms-required-label\">*<\/span><\/label><input type=\"email\" id=\"wpforms-75-field_2\" class=\"wpforms-field-medium wpforms-field-required\" name=\"wpforms[fields][2]\" spellcheck=\"false\" required><\/div><div id=\"wpforms-75-field_3-container\" class=\"wpforms-field wpforms-field-textarea\" data-field-id=\"3\"><label class=\"wpforms-field-label\" for=\"wpforms-75-field_3\">Mensaje<\/label><textarea id=\"wpforms-75-field_3\" class=\"wpforms-field-medium\" name=\"wpforms[fields][3]\" ><\/textarea><\/div><\/div><!-- .wpforms-field-container --><div class=\"wpforms-field wpforms-field-hp\"><label for=\"wpforms-75-field-hp\" class=\"wpforms-field-label\">Website<\/label><input type=\"text\" name=\"wpforms[hp]\" id=\"wpforms-75-field-hp\" class=\"wpforms-field-medium\"><\/div><div class=\"wpforms-recaptcha-container wpforms-is-recaptcha wpforms-is-recaptcha-type-v2\" ><div class=\"g-recaptcha\" data-sitekey=\"6LewJikUAAAAANvZ9q8Bm4eWuh17iPXK5RqD0T5O\"><\/div><input type=\"text\" name=\"g-recaptcha-hidden\" class=\"wpforms-recaptcha-hidden\" style=\"position:absolute!important;clip:rect(0,0,0,0)!important;height:1px!important;width:1px!important;border:0!important;overflow:hidden!important;padding:0!important;margin:0!important;\" data-rule-recaptcha=\"1\"><\/div><div class=\"wpforms-submit-container\" ><input type=\"hidden\" name=\"wpforms[id]\" value=\"75\"><input type=\"hidden\" name=\"page_title\" value=\"\"><input type=\"hidden\" name=\"page_url\" value=\"https:\/\/www.brainservices.net\/webbrainservices\/wp-json\/wp\/v2\/pages\/70\"><input type=\"hidden\" name=\"url_referer\" value=\"\"><button type=\"submit\" name=\"wpforms[submit]\" id=\"wpforms-submit-75\" class=\"wpforms-submit\" data-alt-text=\"Sending...\" data-submit-text=\"Submit\" aria-live=\"assertive\" value=\"wpforms-submit\">Submit<\/button><\/div><\/form><\/div>  <!-- .wpforms-container --><\/div>\n<div id=\"ubicacion\">Direcci\u00f3n: Victor Manuel Rend\u00f3n #401 y General C\u00f3rdova<br \/>\nEdificio Amazonas Piso 5 Oficina 1 &#8211; 2<br \/>\nTel\u00e9fono: 593-4-2313200<br \/>\n593-4-2313201<br \/>\nEmail: ventas@brainservices.net<\/p>\n<div id=\"map\"><\/div>\n<\/div>\n<p>    <script>\n      function initMap() {\n        var uluru = {lat: -2.190399, lng: -79.881322};\n        var map = new google.maps.Map(document.getElementById('map'), {\n          zoom: 18,\n          center: uluru\n        });\n        var marker = new google.maps.Marker({\n          position: uluru,\n          map: map\n        });\n      }\n    <\/script><br \/>\n    <script async defer\n    src=\"https:\/\/maps.googleapis.com\/maps\/api\/js?key=AIzaSyAya_I8-nFkOxy_xg5M0y3L8HMbUOcGSGA&#038;callback=initMap\">\n    <\/script><br \/>\n  <\/body><br \/>\n<\/html><\/p>\n","protected":false},"excerpt":{"rendered":"<p>Direcci\u00f3n: Victor Manuel Rend\u00f3n #401 y General C\u00f3rdova Edificio Amazonas Piso 5 Oficina 1 &#8211; 2 Tel\u00e9fono: 593-4-2313200 593-4-2313201 Email: ventas@brainservices.net<\/p>\n","protected":false},"author":1,"featured_media":0,"parent":0,"menu_order":0,"comment_status":"closed","ping_status":"closed","template":"template-full-width.php","meta":{"_monsterinsights_skip_tracking":false,"_monsterinsights_sitenote_active":false,"_monsterinsights_sitenote_note":"","_monsterinsights_sitenote_category":0,"footnotes":""},"class_list":["post-70","page","type-page","status-publish","hentry"],"_links":{"self":[{"href":"https:\/\/www.brainservices.net\/webbrainservices\/wp-json\/wp\/v2\/pages\/70","targetHints":{"allow":["GET"]}}],"collection":[{"href":"https:\/\/www.brainservices.net\/webbrainservices\/wp-json\/wp\/v2\/pages"}],"about":[{"href":"https:\/\/www.brainservices.net\/webbrainservices\/wp-json\/wp\/v2\/types\/page"}],"author":[{"embeddable":true,"href":"https:\/\/www.brainservices.net\/webbrainservices\/wp-json\/wp\/v2\/users\/1"}],"replies":[{"embeddable":true,"href":"https:\/\/www.brainservices.net\/webbrainservices\/wp-json\/wp\/v2\/comments?post=70"}],"version-history":[{"count":46,"href":"https:\/\/www.brainservices.net\/webbrainservices\/wp-json\/wp\/v2\/pages\/70\/revisions"}],"predecessor-version":[{"id":121,"href":"https:\/\/www.brainservices.net\/webbrainservices\/wp-json\/wp\/v2\/pages\/70\/revisions\/121"}],"wp:attachment":[{"href":"https:\/\/www.brainservices.net\/webbrainservices\/wp-json\/wp\/v2\/media?parent=70"}],"curies":[{"name":"wp","href":"https:\/\/api.w.org\/{rel}","templated":true}]}}