{"id":8,"date":"2017-07-13T17:01:41","date_gmt":"2017-07-13T17:01:41","guid":{"rendered":"http:\/\/www.brainservices.net\/webbrainservices\/?page_id=8"},"modified":"2017-07-13T19:51:59","modified_gmt":"2017-07-13T19:51:59","slug":"nuestra-mision","status":"publish","type":"page","link":"https:\/\/www.brainservices.net\/webbrainservices\/nuestra-mision\/","title":{"rendered":"Nuestra Mision"},"content":{"rendered":"<div id=\"figura\">\n<div class=\"banner\"><picture> <img decoding=\"async\" src=\"..\/images\/nuestramision.png\" width=\"100%\" height=\"50%\" \/><\/picture><\/div>\n<\/div>\n<p>Brindar a nuestros clientes Productos y Soluciones Integrales Tecnol\u00f3gicas que se adapten a sus necesidades especificas, contribuyendo a la evoluci\u00f3n, eficacia y productividad de sus negocios; garantizando el m\u00e1ximo est\u00e1ndar de calidad de los productos o servicios dados.<\/p>\n","protected":false},"excerpt":{"rendered":"<p>Brindar a nuestros clientes Productos y Soluciones Integrales Tecnol\u00f3gicas que se adapten a sus necesidades especificas, contribuyendo a la evoluci\u00f3n, eficacia y productividad de sus negocios; garantizando el m\u00e1ximo est\u00e1ndar de calidad de los productos o servicios dados.<\/p>\n","protected":false},"author":1,"featured_media":0,"parent":0,"menu_order":0,"comment_status":"closed","ping_status":"closed","template":"template-full-width.php","meta":{"_monsterinsights_skip_tracking":false,"_monsterinsights_sitenote_active":false,"_monsterinsights_sitenote_note":"","_monsterinsights_sitenote_category":0,"footnotes":""},"class_list":["post-8","page","type-page","status-publish","hentry"],"_links":{"self":[{"href":"https:\/\/www.brainservices.net\/webbrainservices\/wp-json\/wp\/v2\/pages\/8","targetHints":{"allow":["GET"]}}],"collection":[{"href":"https:\/\/www.brainservices.net\/webbrainservices\/wp-json\/wp\/v2\/pages"}],"about":[{"href":"https:\/\/www.brainservices.net\/webbrainservices\/wp-json\/wp\/v2\/types\/page"}],"author":[{"embeddable":true,"href":"https:\/\/www.brainservices.net\/webbrainservices\/wp-json\/wp\/v2\/users\/1"}],"replies":[{"embeddable":true,"href":"https:\/\/www.brainservices.net\/webbrainservices\/wp-json\/wp\/v2\/comments?post=8"}],"version-history":[{"count":2,"href":"https:\/\/www.brainservices.net\/webbrainservices\/wp-json\/wp\/v2\/pages\/8\/revisions"}],"predecessor-version":[{"id":40,"href":"https:\/\/www.brainservices.net\/webbrainservices\/wp-json\/wp\/v2\/pages\/8\/revisions\/40"}],"wp:attachment":[{"href":"https:\/\/www.brainservices.net\/webbrainservices\/wp-json\/wp\/v2\/media?parent=8"}],"curies":[{"name":"wp","href":"https:\/\/api.w.org\/{rel}","templated":true}]}}